{"id":3879,"date":"2024-07-04T10:31:42","date_gmt":"2024-07-04T15:31:42","guid":{"rendered":"https:\/\/c500s.yoreportero.com\/?page_id=3879"},"modified":"2024-07-04T10:36:32","modified_gmt":"2024-07-04T15:36:32","slug":"disclaimer","status":"publish","type":"page","link":"https:\/\/c500s.yoreportero.com\/es\/disclaimer\/","title":{"rendered":"DISCLAIMER"},"content":{"rendered":"\t\t<div data-elementor-type=\"wp-page\" data-elementor-id=\"3879\" class=\"elementor elementor-3879 elementor-3872\" data-elementor-post-type=\"page\">\n\t\t\t\t<div class=\"elementor-element elementor-element-90213f2 e-flex e-con-boxed e-con e-parent\" data-id=\"90213f2\" data-element_type=\"container\" data-e-type=\"container\">\n\t\t\t\t\t<div class=\"e-con-inner\">\n\t\t\t\t<div class=\"elementor-element elementor-element-b1963be elementor-widget elementor-widget-text-editor\" data-id=\"b1963be\" data-element_type=\"widget\" data-e-type=\"widget\" data-widget_type=\"text-editor.default\">\n\t\t\t\t<div class=\"elementor-widget-container\">\n\t\t\t\t\t\t\t\t\t<p><strong>D<\/strong><strong>ISCLAIMER<\/strong><\/p><p>Este sitio es gestionado por OPM CORPORATION I, con sede legal en Via Espa\u00f1a 1280, Panam\u00e1, Rep\u00fablica de Panam\u00e1.<\/p><p>Los t\u00e9rminos y las Condiciones Generales se definen de la siguiente manera:<\/p><ul><li><strong>Servicios<\/strong>: dispositivos, funciones, aplicaciones, informaci\u00f3n u otras prestaciones disponibles en este sitio web, incluidos los servicios ISP.<\/li><li><strong>Condiciones<\/strong>: estos t\u00e9rminos o condiciones.<\/li><li><strong>Usuario<\/strong> y <strong>Usted<\/strong>: cualquier persona que acceda o use el sitio web, ya sea registrada o no.<\/li><li><strong>Sitio web<\/strong> o <strong>sitio<\/strong>: el sitio web gestionado por OPM CORPORATION I y accesible mediante varios dispositivos.<\/li><\/ul><p>Las condiciones particulares se definen a continuaci\u00f3n.<\/p><p><strong>Agencias Publicitarias<\/strong> Los banners publicitarios son gestionados por agentes en nombre de OPM CORPORATION I. Los agentes pueden usar cookies para fines estad\u00edsticos y para mostrar publicidad relevante.<\/p><p><strong>Acceso y Uso del Sitio Web<\/strong> Al acceder, consultar, descargar, publicar o cargar contenidos en este sitio, el usuario acepta respetar estas Condiciones y todas las disposiciones legales.<\/p><p><strong>Garant\u00eda y Responsabilidad por los Servicios<\/strong> El uso de los Servicios es bajo el riesgo del Usuario. El sitio <a href=\"http:\/\/www.C500s.com\" target=\"_blank\" rel=\"noopener\">www.C500s.com<\/a> no garantiza que los Servicios sean seguros, libres de errores o que los resultados satisfagan las expectativas del Usuario. OPM CORPORATION I har\u00e1 todo lo posible para proporcionar los Servicios sin interrupciones, pero no garantiza la continuidad y declina toda responsabilidad por la imposibilidad de usar los Servicios.<\/p><p><strong>Derechos de Propiedad<\/strong> El Usuario reconoce que todos los derechos de propiedad intelectual sobre los Servicios, datos y materiales del sitio <a href=\"http:\/\/www.C500s.com\" target=\"_blank\" rel=\"noopener\">www.C500s.com<\/a> permanecen como propiedad exclusiva del sitio.<\/p><p><strong>Limitaciones y Exclusi\u00f3n de Responsabilidad<\/strong> Los materiales, informaci\u00f3n y opiniones en los foros u otros accesos a contenidos de usuarios no representan necesariamente a OPM CORPORATION I. Los contenidos de usuarios son expresiones de opiniones personales. No se puede garantizar la seguridad del sitio y de los contenidos de usuarios. OPM CORPORATION I excluye cualquier responsabilidad por contenidos de usuarios, errores, virus, difamaciones, obscenidades o inexactitudes.<\/p><p><strong>Descarga de Software y Aplicaciones Online<\/strong> Los drivers, software, programas, actualizaciones, perif\u00e9ricos y aplicaciones disponibles en el sitio est\u00e1n a disposici\u00f3n del Usuario. Los derechos sobre estos materiales permanecen como propiedad de OPM CORPORATION I o de los licenciantes. El uso de estos materiales est\u00e1 sujeto a los t\u00e9rminos de la licencia asociada. OPM CORPORATION I no garantiza la exactitud o fiabilidad de los resultados de las utilities y no asume responsabilidad por la p\u00e9rdida de datos causada por la instalaci\u00f3n.<\/p><p><strong>Exclusi\u00f3n de Responsabilidad sobre los Contenidos del Sitio Web<\/strong> OPM CORPORATION I no es responsable por da\u00f1os directos, indirectos o consecuentes derivados del uso de los contenidos del sitio o de la incapacidad de utilizarlos.<\/p><p><strong>Enlaces Hipertextuales<\/strong> El Usuario debe obtener autorizaci\u00f3n por escrito antes de crear un enlace a este sitio. Los enlaces deben conducir a la p\u00e1gina de inicio y indicar que el sitio es independiente del que contiene el enlace. El Usuario usa los enlaces externos bajo su propio riesgo. OPM CORPORATION I no ha verificado la exactitud de la informaci\u00f3n en sitios externos y no es responsable por contenidos, publicidad, productos, servicios u otros materiales en dichos sitios.<\/p><p><strong>Im\u00e1genes<\/strong> Las im\u00e1genes en el sitio son propiedad de OPM CORPORATION I o de dominio p\u00fablico. Los derechos pertenecen a los respectivos propietarios. OPM CORPORATION I se compromete a eliminar o modificar las im\u00e1genes a solicitud.<\/p>\t\t\t\t\t\t\t\t<\/div>\n\t\t\t\t<\/div>\n\t\t\t\t\t<\/div>\n\t\t\t\t<\/div>\n\t\t\t\t<\/div>\n\t\t","protected":false},"excerpt":{"rendered":"<p>DISCLAIMER Este sitio es gestionado por OPM CORPORATION I, con sede legal en Via Espa\u00f1a 1280, Panam\u00e1, Rep\u00fablica de Panam\u00e1. [&hellip;]<\/p>\n","protected":false},"author":1,"featured_media":0,"parent":0,"menu_order":0,"comment_status":"closed","ping_status":"closed","template":"","meta":{"site-sidebar-layout":"no-sidebar","site-content-layout":"","ast-site-content-layout":"full-width-container","site-content-style":"default","site-sidebar-style":"default","ast-global-header-display":"","ast-banner-title-visibility":"","ast-main-header-display":"","ast-hfb-above-header-display":"","ast-hfb-below-header-display":"","ast-hfb-mobile-header-display":"","site-post-title":"disabled","ast-breadcrumbs-content":"","ast-featured-img":"disabled","footer-sml-layout":"","ast-disable-related-posts":"","theme-transparent-header-meta":"default","adv-header-id-meta":"","stick-header-meta":"","header-above-stick-meta":"","header-main-stick-meta":"","header-below-stick-meta":"","astra-migrate-meta-layouts":"default","ast-page-background-enabled":"default","ast-page-background-meta":{"desktop":{"background-color":"var(--ast-global-color-4)","background-image":"","background-repeat":"repeat","background-position":"center center","background-size":"auto","background-attachment":"scroll","background-type":"","background-media":"","overlay-type":"","overlay-color":"","overlay-opacity":"","overlay-gradient":""},"tablet":{"background-color":"","background-image":"","background-repeat":"repeat","background-position":"center center","background-size":"auto","background-attachment":"scroll","background-type":"","background-media":"","overlay-type":"","overlay-color":"","overlay-opacity":"","overlay-gradient":""},"mobile":{"background-color":"","background-image":"","background-repeat":"repeat","background-position":"center center","background-size":"auto","background-attachment":"scroll","background-type":"","background-media":"","overlay-type":"","overlay-color":"","overlay-opacity":"","overlay-gradient":""}},"ast-content-background-meta":{"desktop":{"background-color":"var(--ast-global-color-5)","background-image":"","background-repeat":"repeat","background-position":"center center","background-size":"auto","background-attachment":"scroll","background-type":"","background-media":"","overlay-type":"","overlay-color":"","overlay-opacity":"","overlay-gradient":""},"tablet":{"background-color":"var(--ast-global-color-5)","background-image":"","background-repeat":"repeat","background-position":"center center","background-size":"auto","background-attachment":"scroll","background-type":"","background-media":"","overlay-type":"","overlay-color":"","overlay-opacity":"","overlay-gradient":""},"mobile":{"background-color":"var(--ast-global-color-5)","background-image":"","background-repeat":"repeat","background-position":"center center","background-size":"auto","background-attachment":"scroll","background-type":"","background-media":"","overlay-type":"","overlay-color":"","overlay-opacity":"","overlay-gradient":""}},"slim_seo":{"title":"DISCLAIMER - Historias de \u00e9xito de celebridades del C500","description":"D ISCLAIMER Este sitio es gestionado por OPM CORPORATION I, con sede legal en Via Espa\u00f1a 1280, Panam\u00e1, Rep\u00fablica de Panam\u00e1. Los t\u00e9rminos y las Condiciones Gener"},"footnotes":""},"class_list":["post-3879","page","type-page","status-publish","hentry"],"_links":{"self":[{"href":"https:\/\/c500s.yoreportero.com\/es\/wp-json\/wp\/v2\/pages\/3879","targetHints":{"allow":["GET"]}}],"collection":[{"href":"https:\/\/c500s.yoreportero.com\/es\/wp-json\/wp\/v2\/pages"}],"about":[{"href":"https:\/\/c500s.yoreportero.com\/es\/wp-json\/wp\/v2\/types\/page"}],"author":[{"embeddable":true,"href":"https:\/\/c500s.yoreportero.com\/es\/wp-json\/wp\/v2\/users\/1"}],"replies":[{"embeddable":true,"href":"https:\/\/c500s.yoreportero.com\/es\/wp-json\/wp\/v2\/comments?post=3879"}],"version-history":[{"count":3,"href":"https:\/\/c500s.yoreportero.com\/es\/wp-json\/wp\/v2\/pages\/3879\/revisions"}],"predecessor-version":[{"id":3882,"href":"https:\/\/c500s.yoreportero.com\/es\/wp-json\/wp\/v2\/pages\/3879\/revisions\/3882"}],"wp:attachment":[{"href":"https:\/\/c500s.yoreportero.com\/es\/wp-json\/wp\/v2\/media?parent=3879"}],"curies":[{"name":"wp","href":"https:\/\/api.w.org\/{rel}","templated":true}]}}